{"id":1652,"date":"2020-05-18T11:28:38","date_gmt":"2020-05-18T14:28:38","guid":{"rendered":"http:\/\/sme.goiania.go.gov.br\/conexaoescola\/?page_id=1652"},"modified":"2025-03-19T16:35:33","modified_gmt":"2025-03-19T19:35:33","slug":"sobre-o-portal","status":"publish","type":"page","link":"https:\/\/sme.goiania.go.gov.br\/conexaoescola\/sobre-o-portal\/","title":{"rendered":"Sobre o Portal"},"content":{"rendered":"\t\t<div data-elementor-type=\"wp-page\" data-elementor-id=\"1652\" class=\"elementor elementor-1652\" data-elementor-post-type=\"page\">\n\t\t\t\t\t\t<section class=\"elementor-section elementor-top-section elementor-element elementor-element-10ec6db elementor-section-stretched elementor-section-boxed elementor-section-height-default elementor-section-height-default\" data-id=\"10ec6db\" data-element_type=\"section\" data-settings=\"{&quot;stretch_section&quot;:&quot;section-stretched&quot;,&quot;background_background&quot;:&quot;classic&quot;}\">\n\t\t\t\t\t\t<div class=\"elementor-container elementor-column-gap-default\">\n\t\t\t\t\t<div class=\"elementor-column elementor-col-100 elementor-top-column elementor-element elementor-element-97f80cc\" data-id=\"97f80cc\" data-element_type=\"column\">\n\t\t\t<div class=\"elementor-widget-wrap elementor-element-populated\">\n\t\t\t\t\t\t<div class=\"elementor-element elementor-element-1b9151c elementor-widget elementor-widget-image\" data-id=\"1b9151c\" data-element_type=\"widget\" data-widget_type=\"image.default\">\n\t\t\t\t<div class=\"elementor-widget-container\">\n\t\t\t\t\t\t\t\t\t\t\t\t\t\t\t<img fetchpriority=\"high\" decoding=\"async\" width=\"671\" height=\"121\" src=\"https:\/\/sme.goiania.go.gov.br\/conexaoescola\/wp-content\/uploads\/2020\/04\/logo-png.png\" class=\"attachment-large size-large wp-image-568\" alt=\"\" srcset=\"https:\/\/sme.goiania.go.gov.br\/conexaoescola\/wp-content\/uploads\/2020\/04\/logo-png.png 671w, https:\/\/sme.goiania.go.gov.br\/conexaoescola\/wp-content\/uploads\/2020\/04\/logo-png-300x54.png 300w\" sizes=\"(max-width: 671px) 100vw, 671px\" \/>\t\t\t\t\t\t\t\t\t\t\t\t\t\t\t<\/div>\n\t\t\t\t<\/div>\n\t\t\t\t\t<\/div>\n\t\t<\/div>\n\t\t\t\t\t<\/div>\n\t\t<\/section>\n\t\t\t\t<section class=\"elementor-section elementor-top-section elementor-element elementor-element-380eae9 elementor-section-boxed elementor-section-height-default elementor-section-height-default\" data-id=\"380eae9\" data-element_type=\"section\">\n\t\t\t\t\t\t<div class=\"elementor-container elementor-column-gap-default\">\n\t\t\t\t\t<div class=\"elementor-column elementor-col-50 elementor-top-column elementor-element elementor-element-dc2229b\" data-id=\"dc2229b\" data-element_type=\"column\">\n\t\t\t<div class=\"elementor-widget-wrap elementor-element-populated\">\n\t\t\t\t\t\t<div class=\"elementor-element elementor-element-ed43617 elementor-widget elementor-widget-text-editor\" data-id=\"ed43617\" data-element_type=\"widget\" data-widget_type=\"text-editor.default\">\n\t\t\t\t<div class=\"elementor-widget-container\">\n\t\t\t\t\t\t\t\t\t<p>O Portal Educacional \u201cConex\u00e3o Escola\u201d \u00e9 uma ferramenta inovadora de media\u00e7\u00e3o tecnol\u00f3gica, totalmente gratuita, aberta e acess\u00edvel a todos. Criado em 2020, no contexto da pandemia de Covid-19, o Portal consolidou-se como uma plataforma democr\u00e1tica e essencial para a educa\u00e7\u00e3o, atendendo n\u00e3o apenas \u00e0 comunidade escolar de Goi\u00e2nia, mas tamb\u00e9m a todos que buscam recursos educacionais de qualidade.<\/p><p>Seu principal objetivo \u00e9 oferecer materiais pedag\u00f3gicos de excel\u00eancia, produzidos por professores da Rede Municipal de Educa\u00e7\u00e3o de Goi\u00e2nia vinculados ao N\u00facleo de Educa\u00e7\u00e3o Conectada (NEC). Esses recursos est\u00e3o alinhados \u00e0s diretrizes dos Documentos Curriculares da Secretaria Municipal de Educa\u00e7\u00e3o de Goi\u00e2nia, bem como aos Documentos Nacionais, como a Base Nacional Comum Curricular (BNCC).<\/p><p>Atualmente, o Portal disponibiliza mais de 1.100 recursos pedag\u00f3gicos para a Educa\u00e7\u00e3o Infantil, Ensino Fundamental (anos iniciais e finais) e Educa\u00e7\u00e3o de Jovens e Adultos (1\u00ba segmento). Os materiais est\u00e3o organizados por componentes curriculares (Portugu\u00eas, Matem\u00e1tica, Ci\u00eancias, Geografia, Hist\u00f3ria, Arte, Educa\u00e7\u00e3o F\u00edsica e Ingl\u00eas), faixa et\u00e1ria e anos\/s\u00e9ries, visando potencializar a aprendizagem dos estudantes e oferecer suporte\u00a0aos\u00a0docentes.<\/p><p>\u00a0<\/p><p>Cordialmente,<\/p><p>Equipe do N\u00facleo de Educa\u00e7\u00e3o Conectada \u2013 NEC<\/p><p>Coordena\u00e7\u00e3o: Prof. Carlos Alberto P. Filho<\/p><p>carlos.filho@smegoiania.com<\/p>\t\t\t\t\t\t\t\t<\/div>\n\t\t\t\t<\/div>\n\t\t\t\t\t<\/div>\n\t\t<\/div>\n\t\t\t\t<div class=\"elementor-column elementor-col-50 elementor-top-column elementor-element elementor-element-4b52e55\" data-id=\"4b52e55\" data-element_type=\"column\">\n\t\t\t<div class=\"elementor-widget-wrap elementor-element-populated\">\n\t\t\t\t\t\t<div class=\"elementor-element elementor-element-399bbf5 elementor-widget elementor-widget-image\" data-id=\"399bbf5\" data-element_type=\"widget\" data-widget_type=\"image.default\">\n\t\t\t\t<div class=\"elementor-widget-container\">\n\t\t\t\t\t\t\t\t\t\t\t\t\t\t\t<img decoding=\"async\" src=\"http:\/\/sme.goiania.go.gov.br\/conexaoescola\/formacao\/formacao\/conexaoescola\/wp-content\/uploads\/2020\/06\/WhatsApp-Image-2020-05-25-at-19.31.34-233x300.jpeg\" title=\"\" alt=\"\" loading=\"lazy\" \/>\t\t\t\t\t\t\t\t\t\t\t\t\t\t\t<\/div>\n\t\t\t\t<\/div>\n\t\t\t\t<div class=\"elementor-element elementor-element-46a5ff4 elementor-widget elementor-widget-heading\" data-id=\"46a5ff4\" data-element_type=\"widget\" data-widget_type=\"heading.default\">\n\t\t\t\t<div class=\"elementor-widget-container\">\n\t\t\t\t\t<h2 class=\"elementor-heading-title elementor-size-default\">Sobre o Portal Conex\u00e3o Escola<\/h2>\t\t\t\t<\/div>\n\t\t\t\t<\/div>\n\t\t\t\t<div class=\"elementor-element elementor-element-f7ac805 elementor-widget elementor-widget-video\" data-id=\"f7ac805\" data-element_type=\"widget\" data-settings=\"{&quot;youtube_url&quot;:&quot;https:\\\/\\\/www.youtube.com\\\/watch?v=k1U9wOTBZo4&amp;t=87s&quot;,&quot;video_type&quot;:&quot;youtube&quot;,&quot;controls&quot;:&quot;yes&quot;}\" data-widget_type=\"video.default\">\n\t\t\t\t<div class=\"elementor-widget-container\">\n\t\t\t\t\t\t\t<div class=\"elementor-wrapper elementor-open-inline\">\n\t\t\t<div class=\"elementor-video\"><\/div>\t\t<\/div>\n\t\t\t\t\t\t<\/div>\n\t\t\t\t<\/div>\n\t\t\t\t\t<\/div>\n\t\t<\/div>\n\t\t\t\t\t<\/div>\n\t\t<\/section>\n\t\t\t\t<\/div>\n\t\t","protected":false},"excerpt":{"rendered":"<p>O Portal Educacional \u201cConex\u00e3o Escola\u201d \u00e9 uma ferramenta inovadora de media\u00e7\u00e3o tecnol\u00f3gica, totalmente gratuita, aberta e acess\u00edvel a todos. Criado em 2020, no contexto da pandemia de Covid-19, o Portal consolidou-se como uma plataforma democr\u00e1tica e essencial para a educa\u00e7\u00e3o, atendendo n\u00e3o apenas \u00e0 comunidade escolar de Goi\u00e2nia, mas tamb\u00e9m a todos que buscam recursos [&hellip;]<\/p>\n","protected":false},"author":1,"featured_media":0,"parent":0,"menu_order":0,"comment_status":"closed","ping_status":"closed","template":"","meta":{"_acf_changed":false,"ocean_post_layout":"","ocean_both_sidebars_style":"","ocean_both_sidebars_content_width":0,"ocean_both_sidebars_sidebars_width":0,"ocean_sidebar":"0","ocean_second_sidebar":"0","ocean_disable_margins":"enable","ocean_add_body_class":"","ocean_shortcode_before_top_bar":"","ocean_shortcode_after_top_bar":"","ocean_shortcode_before_header":"","ocean_shortcode_after_header":"","ocean_has_shortcode":"","ocean_shortcode_after_title":"","ocean_shortcode_before_footer_widgets":"","ocean_shortcode_after_footer_widgets":"","ocean_shortcode_before_footer_bottom":"","ocean_shortcode_after_footer_bottom":"","ocean_display_top_bar":"default","ocean_display_header":"default","ocean_header_style":"","ocean_center_header_left_menu":"0","ocean_custom_header_template":"0","ocean_custom_logo":0,"ocean_custom_retina_logo":0,"ocean_custom_logo_max_width":0,"ocean_custom_logo_tablet_max_width":0,"ocean_custom_logo_mobile_max_width":0,"ocean_custom_logo_max_height":0,"ocean_custom_logo_tablet_max_height":0,"ocean_custom_logo_mobile_max_height":0,"ocean_header_custom_menu":"0","ocean_menu_typo_font_family":"0","ocean_menu_typo_font_subset":"","ocean_menu_typo_font_size":0,"ocean_menu_typo_font_size_tablet":0,"ocean_menu_typo_font_size_mobile":0,"ocean_menu_typo_font_size_unit":"px","ocean_menu_typo_font_weight":"","ocean_menu_typo_font_weight_tablet":"","ocean_menu_typo_font_weight_mobile":"","ocean_menu_typo_transform":"","ocean_menu_typo_transform_tablet":"","ocean_menu_typo_transform_mobile":"","ocean_menu_typo_line_height":0,"ocean_menu_typo_line_height_tablet":0,"ocean_menu_typo_line_height_mobile":0,"ocean_menu_typo_line_height_unit":"","ocean_menu_typo_spacing":0,"ocean_menu_typo_spacing_tablet":0,"ocean_menu_typo_spacing_mobile":0,"ocean_menu_typo_spacing_unit":"","ocean_menu_link_color":"","ocean_menu_link_color_hover":"","ocean_menu_link_color_active":"","ocean_menu_link_background":"","ocean_menu_link_hover_background":"","ocean_menu_link_active_background":"","ocean_menu_social_links_bg":"","ocean_menu_social_hover_links_bg":"","ocean_menu_social_links_color":"","ocean_menu_social_hover_links_color":"","ocean_disable_title":"on","ocean_disable_heading":"default","ocean_post_title":"","ocean_post_subheading":"","ocean_post_title_style":"","ocean_post_title_background_color":"","ocean_post_title_background":0,"ocean_post_title_bg_image_position":"","ocean_post_title_bg_image_attachment":"","ocean_post_title_bg_image_repeat":"","ocean_post_title_bg_image_size":"","ocean_post_title_height":0,"ocean_post_title_bg_overlay":0.5,"ocean_post_title_bg_overlay_color":"","ocean_disable_breadcrumbs":"default","ocean_breadcrumbs_color":"","ocean_breadcrumbs_separator_color":"","ocean_breadcrumbs_links_color":"","ocean_breadcrumbs_links_hover_color":"","ocean_display_footer_widgets":"default","ocean_display_footer_bottom":"default","ocean_custom_footer_template":"0","footnotes":""},"class_list":["post-1652","page","type-page","status-publish","hentry","entry"],"acf":[],"_links":{"self":[{"href":"https:\/\/sme.goiania.go.gov.br\/conexaoescola\/wp-json\/wp\/v2\/pages\/1652","targetHints":{"allow":["GET"]}}],"collection":[{"href":"https:\/\/sme.goiania.go.gov.br\/conexaoescola\/wp-json\/wp\/v2\/pages"}],"about":[{"href":"https:\/\/sme.goiania.go.gov.br\/conexaoescola\/wp-json\/wp\/v2\/types\/page"}],"author":[{"embeddable":true,"href":"https:\/\/sme.goiania.go.gov.br\/conexaoescola\/wp-json\/wp\/v2\/users\/1"}],"replies":[{"embeddable":true,"href":"https:\/\/sme.goiania.go.gov.br\/conexaoescola\/wp-json\/wp\/v2\/comments?post=1652"}],"version-history":[{"count":3,"href":"https:\/\/sme.goiania.go.gov.br\/conexaoescola\/wp-json\/wp\/v2\/pages\/1652\/revisions"}],"predecessor-version":[{"id":193468,"href":"https:\/\/sme.goiania.go.gov.br\/conexaoescola\/wp-json\/wp\/v2\/pages\/1652\/revisions\/193468"}],"wp:attachment":[{"href":"https:\/\/sme.goiania.go.gov.br\/conexaoescola\/wp-json\/wp\/v2\/media?parent=1652"}],"curies":[{"name":"wp","href":"https:\/\/api.w.org\/{rel}","templated":true}]}}