{"id":137848,"date":"2022-03-09T19:09:09","date_gmt":"2022-03-09T22:09:09","guid":{"rendered":"https:\/\/sme.goiania.go.gov.br\/conexaoescola\/?page_id=137848"},"modified":"2022-03-25T19:21:41","modified_gmt":"2022-03-25T22:21:41","slug":"propostas-didaticas","status":"publish","type":"page","link":"https:\/\/sme.goiania.go.gov.br\/conexaoescola\/propostas-didaticas\/","title":{"rendered":"Propostas Did\u00e1ticas"},"content":{"rendered":"\t\t<div data-elementor-type=\"wp-page\" data-elementor-id=\"137848\" class=\"elementor elementor-137848\" data-elementor-post-type=\"page\">\n\t\t\t\t\t\t<section class=\"elementor-section elementor-top-section elementor-element elementor-element-1dd874b elementor-section-stretched elementor-section-height-min-height elementor-section-boxed elementor-section-height-default elementor-section-items-middle\" data-id=\"1dd874b\" data-element_type=\"section\" data-settings=\"{&quot;stretch_section&quot;:&quot;section-stretched&quot;,&quot;background_background&quot;:&quot;classic&quot;}\">\n\t\t\t\t\t\t<div class=\"elementor-container elementor-column-gap-default\">\n\t\t\t\t\t<div class=\"elementor-column elementor-col-100 elementor-top-column elementor-element elementor-element-5ba14be\" data-id=\"5ba14be\" data-element_type=\"column\">\n\t\t\t<div class=\"elementor-widget-wrap elementor-element-populated\">\n\t\t\t\t\t\t<div class=\"elementor-element elementor-element-48e74e0 elementor-widget elementor-widget-heading\" data-id=\"48e74e0\" data-element_type=\"widget\" data-widget_type=\"heading.default\">\n\t\t\t\t<div class=\"elementor-widget-container\">\n\t\t\t\t\t<h2 class=\"elementor-heading-title elementor-size-default\">Filtre seu conte\u00fado aqui<\/h2>\t\t\t\t<\/div>\n\t\t\t\t<\/div>\n\t\t\t\t<div class=\"elementor-element elementor-element-6c6474c elementor-widget elementor-widget-wp-widget-search_filter_register_widget\" data-id=\"6c6474c\" data-element_type=\"widget\" data-widget_type=\"wp-widget-search_filter_register_widget.default\">\n\t\t\t\t<div class=\"elementor-widget-container\">\n\t\t\t\t\t<form data-sf-form-id='137851' data-is-rtl='0' data-maintain-state='' data-results-url='https:\/\/sme.goiania.go.gov.br\/conexaoescola\/?sfid=137851' data-ajax-form-url='https:\/\/sme.goiania.go.gov.br\/conexaoescola\/?sfid=137851&amp;sf_action=get_data&amp;sf_data=form' data-display-result-method='archive' data-use-history-api='1' data-template-loaded='0' data-lang-code='pt' data-ajax='0' data-init-paged='1' data-auto-update='' action='https:\/\/sme.goiania.go.gov.br\/conexaoescola\/?sfid=137851' method='post' class='searchandfilter' id='search-filter-form-137851' autocomplete='off' data-instance-count='1'><ul><li class=\"sf-field-taxonomy-anos_praticas_em_rede\" data-sf-field-name=\"_sft_anos_praticas_em_rede\" data-sf-field-type=\"taxonomy\" data-sf-field-input-type=\"select\">\t\t<label>\r\n\t\t\t\t<select name=\"_sft_anos_praticas_em_rede[]\" class=\"sf-input-select\" title=\"\">\r\n\t\t\t\r\n\t\t\t\t\t\t<option class=\"sf-level-0 sf-item-0 sf-option-active\" selected=\"selected\" data-sf-count=\"0\" data-sf-depth=\"0\" value=\"\">Todos os Anos \/ S\u00e9rie<\/option>\r\n\t\t\t\t\t\t<option class=\"sf-level-0 sf-item-110\" data-sf-count=\"17\" data-sf-depth=\"0\" value=\"1o-ano\">1\u00ba Ano&nbsp;&nbsp;(17)<\/option>\r\n\t\t\t\t\t\t<option class=\"sf-level-0 sf-item-111\" data-sf-count=\"13\" data-sf-depth=\"0\" value=\"2o-ano\">2\u00ba Ano&nbsp;&nbsp;(13)<\/option>\r\n\t\t\t\t\t\t<option class=\"sf-level-0 sf-item-112\" data-sf-count=\"13\" data-sf-depth=\"0\" value=\"3o-ano\">3\u00ba Ano&nbsp;&nbsp;(13)<\/option>\r\n\t\t\t\t\t\t<option class=\"sf-level-0 sf-item-113\" data-sf-count=\"13\" data-sf-depth=\"0\" value=\"4o-ano\">4\u00ba Ano&nbsp;&nbsp;(13)<\/option>\r\n\t\t\t\t\t\t<option class=\"sf-level-0 sf-item-114\" data-sf-count=\"13\" data-sf-depth=\"0\" value=\"5o-ano\">5\u00ba Ano&nbsp;&nbsp;(13)<\/option>\r\n\t\t\t\t\t\t<option class=\"sf-level-0 sf-item-115\" data-sf-count=\"13\" data-sf-depth=\"0\" value=\"6o-ano\">6\u00ba Ano&nbsp;&nbsp;(13)<\/option>\r\n\t\t\t\t\t\t<option class=\"sf-level-0 sf-item-116\" data-sf-count=\"13\" data-sf-depth=\"0\" value=\"7o-ano\">7\u00ba Ano&nbsp;&nbsp;(13)<\/option>\r\n\t\t\t\t\t\t<option class=\"sf-level-0 sf-item-117\" data-sf-count=\"14\" data-sf-depth=\"0\" value=\"8o-ano\">8\u00ba Ano&nbsp;&nbsp;(14)<\/option>\r\n\t\t\t\t\t\t<option class=\"sf-level-0 sf-item-118\" data-sf-count=\"14\" data-sf-depth=\"0\" value=\"9o-ano\">9\u00ba Ano&nbsp;&nbsp;(14)<\/option>\r\n\t\t\t\t\t\t<option class=\"sf-level-0 sf-item-119\" data-sf-count=\"3\" data-sf-depth=\"0\" value=\"eja-1a-serie\">EJA 1\u00aa S\u00e9rie&nbsp;&nbsp;(3)<\/option>\r\n\t\t\t\t\t\t<option class=\"sf-level-0 sf-item-120\" data-sf-count=\"3\" data-sf-depth=\"0\" value=\"eja-2a-serie\">EJA 2\u00aa S\u00e9rie&nbsp;&nbsp;(3)<\/option>\r\n\t\t\t\t\t\t<option class=\"sf-level-0 sf-item-121\" data-sf-count=\"3\" data-sf-depth=\"0\" value=\"eja-3a-serie\">EJA 3\u00aa S\u00e9rie&nbsp;&nbsp;(3)<\/option>\r\n\t\t\t\t\t\t<option class=\"sf-level-0 sf-item-122\" data-sf-count=\"3\" data-sf-depth=\"0\" value=\"eja-4a-serie\">EJA 4\u00aa S\u00e9rie&nbsp;&nbsp;(3)<\/option>\r\n\t\t\t\t\t\t<option class=\"sf-level-0 sf-item-123\" data-sf-count=\"7\" data-sf-depth=\"0\" value=\"eja-5a-serie\">EJA 5\u00aa S\u00e9rie&nbsp;&nbsp;(7)<\/option>\r\n\t\t\t\t\t\t<option class=\"sf-level-0 sf-item-124\" data-sf-count=\"7\" data-sf-depth=\"0\" value=\"eja-6a-serie\">EJA 6\u00aa S\u00e9rie&nbsp;&nbsp;(7)<\/option>\r\n\t\t\t\t\t\t<option class=\"sf-level-0 sf-item-125\" data-sf-count=\"7\" data-sf-depth=\"0\" value=\"eja-7a-serie\">EJA 7\u00aa S\u00e9rie&nbsp;&nbsp;(7)<\/option>\r\n\t\t\t\t\t\t<option class=\"sf-level-0 sf-item-126\" data-sf-count=\"7\" data-sf-depth=\"0\" value=\"eja-8a-serie\">EJA 8\u00aa S\u00e9rie&nbsp;&nbsp;(7)<\/option>\r\n\t\t\t\t\t<\/select>\r\n\t\t<\/label>\t\t<\/li><li class=\"sf-field-taxonomy-cat_praticas_em_rede\" data-sf-field-name=\"_sft_cat_praticas_em_rede\" data-sf-field-type=\"taxonomy\" data-sf-field-input-type=\"select\">\t\t<label>\r\n\t\t\t\t<select name=\"_sft_cat_praticas_em_rede[]\" class=\"sf-input-select\" title=\"\">\r\n\t\t\t\r\n\t\t\t\t\t\t<option class=\"sf-level-0 sf-item-0 sf-option-active\" selected=\"selected\" data-sf-count=\"0\" data-sf-depth=\"0\" value=\"\">Todos os componentes curriculares<\/option>\r\n\t\t\t\t\t\t<option class=\"sf-level-0 sf-item-133\" data-sf-count=\"15\" data-sf-depth=\"0\" value=\"arte\">Arte&nbsp;&nbsp;(15)<\/option>\r\n\t\t\t\t\t\t<option class=\"sf-level-0 sf-item-109\" data-sf-count=\"15\" data-sf-depth=\"0\" value=\"ciencias-da-natureza\">Ci\u00eancias da Natureza&nbsp;&nbsp;(15)<\/option>\r\n\t\t\t\t\t\t<option class=\"sf-level-0 sf-item-129\" data-sf-count=\"18\" data-sf-depth=\"0\" value=\"educacao-fisica\">Educa\u00e7\u00e3o F\u00edsica&nbsp;&nbsp;(18)<\/option>\r\n\t\t\t\t\t\t<option class=\"sf-level-0 sf-item-131\" data-sf-count=\"13\" data-sf-depth=\"0\" value=\"geografia\">Geografia&nbsp;&nbsp;(13)<\/option>\r\n\t\t\t\t\t\t<option class=\"sf-level-0 sf-item-132\" data-sf-count=\"13\" data-sf-depth=\"0\" value=\"historia\">Hist\u00f3ria&nbsp;&nbsp;(13)<\/option>\r\n\t\t\t\t\t\t<option class=\"sf-level-0 sf-item-130\" data-sf-count=\"7\" data-sf-depth=\"0\" value=\"lingua-inglesa\">L\u00edngua Inglesa&nbsp;&nbsp;(7)<\/option>\r\n\t\t\t\t\t\t<option class=\"sf-level-0 sf-item-127\" data-sf-count=\"17\" data-sf-depth=\"0\" value=\"lingua-portuguesa\">L\u00edngua Portuguesa&nbsp;&nbsp;(17)<\/option>\r\n\t\t\t\t\t\t<option class=\"sf-level-0 sf-item-128\" data-sf-count=\"18\" data-sf-depth=\"0\" value=\"matematica\">Matem\u00e1tica&nbsp;&nbsp;(18)<\/option>\r\n\t\t\t\t\t<\/select>\r\n\t\t<\/label>\t\t<\/li><li class=\"sf-field-submit\" data-sf-field-name=\"submit\" data-sf-field-type=\"submit\" data-sf-field-input-type=\"\"><input type=\"submit\" name=\"_sf_submit\" value=\"Filtrar\"><\/li><\/ul><\/form>\t\t\t\t<\/div>\n\t\t\t\t<\/div>\n\t\t\t\t\t<\/div>\n\t\t<\/div>\n\t\t\t\t\t<\/div>\n\t\t<\/section>\n\t\t\t\t<\/div>\n\t\t","protected":false},"excerpt":{"rendered":"<p>Filtre seu conte\u00fado aqui<\/p>\n","protected":false},"author":1,"featured_media":0,"parent":0,"menu_order":0,"comment_status":"closed","ping_status":"closed","template":"page-pd.php","meta":{"_acf_changed":false,"ocean_post_layout":"full-width","ocean_both_sidebars_style":"","ocean_both_sidebars_content_width":0,"ocean_both_sidebars_sidebars_width":0,"ocean_sidebar":"0","ocean_second_sidebar":"0","ocean_disable_margins":"enable","ocean_add_body_class":"","ocean_shortcode_before_top_bar":"","ocean_shortcode_after_top_bar":"","ocean_shortcode_before_header":"","ocean_shortcode_after_header":"","ocean_has_shortcode":"","ocean_shortcode_after_title":"","ocean_shortcode_before_footer_widgets":"","ocean_shortcode_after_footer_widgets":"","ocean_shortcode_before_footer_bottom":"","ocean_shortcode_after_footer_bottom":"","ocean_display_top_bar":"default","ocean_display_header":"default","ocean_header_style":"","ocean_center_header_left_menu":"0","ocean_custom_header_template":"0","ocean_custom_logo":0,"ocean_custom_retina_logo":0,"ocean_custom_logo_max_width":0,"ocean_custom_logo_tablet_max_width":0,"ocean_custom_logo_mobile_max_width":0,"ocean_custom_logo_max_height":0,"ocean_custom_logo_tablet_max_height":0,"ocean_custom_logo_mobile_max_height":0,"ocean_header_custom_menu":"0","ocean_menu_typo_font_family":"0","ocean_menu_typo_font_subset":"","ocean_menu_typo_font_size":0,"ocean_menu_typo_font_size_tablet":0,"ocean_menu_typo_font_size_mobile":0,"ocean_menu_typo_font_size_unit":"px","ocean_menu_typo_font_weight":"","ocean_menu_typo_font_weight_tablet":"","ocean_menu_typo_font_weight_mobile":"","ocean_menu_typo_transform":"","ocean_menu_typo_transform_tablet":"","ocean_menu_typo_transform_mobile":"","ocean_menu_typo_line_height":0,"ocean_menu_typo_line_height_tablet":0,"ocean_menu_typo_line_height_mobile":0,"ocean_menu_typo_line_height_unit":"","ocean_menu_typo_spacing":0,"ocean_menu_typo_spacing_tablet":0,"ocean_menu_typo_spacing_mobile":0,"ocean_menu_typo_spacing_unit":"","ocean_menu_link_color":"","ocean_menu_link_color_hover":"","ocean_menu_link_color_active":"","ocean_menu_link_background":"","ocean_menu_link_hover_background":"","ocean_menu_link_active_background":"","ocean_menu_social_links_bg":"","ocean_menu_social_hover_links_bg":"","ocean_menu_social_links_color":"","ocean_menu_social_hover_links_color":"","ocean_disable_title":"on","ocean_disable_heading":"default","ocean_post_title":"","ocean_post_subheading":"","ocean_post_title_style":"","ocean_post_title_background_color":"","ocean_post_title_background":0,"ocean_post_title_bg_image_position":"","ocean_post_title_bg_image_attachment":"","ocean_post_title_bg_image_repeat":"","ocean_post_title_bg_image_size":"","ocean_post_title_height":0,"ocean_post_title_bg_overlay":0.5,"ocean_post_title_bg_overlay_color":"","ocean_disable_breadcrumbs":"off","ocean_breadcrumbs_color":"","ocean_breadcrumbs_separator_color":"","ocean_breadcrumbs_links_color":"","ocean_breadcrumbs_links_hover_color":"","ocean_display_footer_widgets":"default","ocean_display_footer_bottom":"default","ocean_custom_footer_template":"0","footnotes":""},"class_list":["post-137848","page","type-page","status-publish","hentry","entry"],"acf":[],"_links":{"self":[{"href":"https:\/\/sme.goiania.go.gov.br\/conexaoescola\/wp-json\/wp\/v2\/pages\/137848","targetHints":{"allow":["GET"]}}],"collection":[{"href":"https:\/\/sme.goiania.go.gov.br\/conexaoescola\/wp-json\/wp\/v2\/pages"}],"about":[{"href":"https:\/\/sme.goiania.go.gov.br\/conexaoescola\/wp-json\/wp\/v2\/types\/page"}],"author":[{"embeddable":true,"href":"https:\/\/sme.goiania.go.gov.br\/conexaoescola\/wp-json\/wp\/v2\/users\/1"}],"replies":[{"embeddable":true,"href":"https:\/\/sme.goiania.go.gov.br\/conexaoescola\/wp-json\/wp\/v2\/comments?post=137848"}],"version-history":[{"count":0,"href":"https:\/\/sme.goiania.go.gov.br\/conexaoescola\/wp-json\/wp\/v2\/pages\/137848\/revisions"}],"wp:attachment":[{"href":"https:\/\/sme.goiania.go.gov.br\/conexaoescola\/wp-json\/wp\/v2\/media?parent=137848"}],"curies":[{"name":"wp","href":"https:\/\/api.w.org\/{rel}","templated":true}]}}