{"id":131199,"date":"2021-09-14T20:22:37","date_gmt":"2021-09-14T23:22:37","guid":{"rendered":"http:\/\/187.6.66.199:8686\/?page_id=131199"},"modified":"2021-10-22T18:53:22","modified_gmt":"2021-10-22T21:53:22","slug":"publicar-recursos","status":"publish","type":"page","link":"https:\/\/sme.goiania.go.gov.br\/conexaoescola\/publicar-recursos\/","title":{"rendered":"Publicar Recursos"},"content":{"rendered":"\n<p class=\"has-black-color has-text-color\">Ol\u00e1 Professor, que tal compartilhar sua experi\u00eancia pedag\u00f3gica em nosso portal?<\/p>\n\n\n\n<p class=\"has-black-color has-text-color\">Para compartilhar sua atividade ou recurso \u00e9 f\u00e1cil, basta preencher o formul\u00e1rio abaixo. A equipe de conte\u00fado do portal avaliar\u00e1 e caso seja aprovado, voc\u00ea receber\u00e1 uma notifica\u00e7\u00e3o da publica\u00e7\u00e3o.<\/p>\n\n\n\n<p class=\"has-black-color has-text-color\">Participe!<\/p>\n\n\n\n<p><\/p>\n\n\n<div class=\"forminator-ui forminator-custom-form forminator-custom-form-132337 forminator-design--material  forminator_ajax\" data-forminator-render=\"0\" data-form=\"forminator-module-132337\" data-uid=\"69e0faa078465\"><br\/><\/div><form\n\t\t\t\tid=\"forminator-module-132337\"\n\t\t\t\tclass=\"forminator-ui forminator-custom-form forminator-custom-form-132337 forminator-design--material  forminator_ajax\"\n\t\t\t\tmethod=\"post\"\n\t\t\t\tdata-forminator-render=\"0\"\n\t\t\t\tdata-form-id=\"132337\"\n\t\t\t\tenctype=\"multipart\/form-data\" data-color-option=\"default\" data-design=\"material\" data-grid=\"open\" style=\"display: none;\"\n\t\t\t\tdata-uid=\"69e0faa078465\"\n\t\t\t><div role=\"alert\" aria-live=\"polite\" class=\"forminator-response-message forminator-error\" aria-hidden=\"true\"><\/div><div class=\"forminator-row\"><div id=\"name-1\" class=\"forminator-field-name forminator-col forminator-col-6 \"><div class=\"forminator-field\"><label for=\"forminator-field-name-1_69e0faa078465\" id=\"forminator-field-name-1_69e0faa078465-label\" class=\"forminator-label\">Nome <span class=\"forminator-required\">*<\/span><\/label><input type=\"text\" name=\"name-1\" value=\"\" placeholder=\"E.g. John Doe\" id=\"forminator-field-name-1_69e0faa078465\" class=\"forminator-input forminator-name--field\" aria-required=\"true\" autocomplete=\"name\" \/><\/div><\/div><div id=\"email-1\" class=\"forminator-field-email forminator-col forminator-col-6 \"><div class=\"forminator-field\"><label for=\"forminator-field-email-1_69e0faa078465\" id=\"forminator-field-email-1_69e0faa078465-label\" class=\"forminator-label\">Endere\u00e7o de E-mail <span class=\"forminator-required\">*<\/span><\/label><input type=\"email\" name=\"email-1\" value=\"\" placeholder=\"E.g. john@doe.com\" id=\"forminator-field-email-1_69e0faa078465\" class=\"forminator-input forminator-email--field\" data-required=\"1\" aria-required=\"true\" autocomplete=\"email\" \/><\/div><\/div><\/div><div class=\"forminator-row\"><div id=\"phone-1\" class=\"forminator-field-phone forminator-col forminator-col-12 \"><div class=\"forminator-field\"><label for=\"forminator-field-phone-1_69e0faa078465\" id=\"forminator-field-phone-1_69e0faa078465-label\" class=\"forminator-label\">Telefone <span class=\"forminator-required\">*<\/span><\/label><input type=\"text\" name=\"phone-1\" value=\"\" placeholder=\"E.g. +1 300 400 5000\" id=\"forminator-field-phone-1_69e0faa078465\" class=\"forminator-input forminator-field--phone\" data-required=\"1\" aria-required=\"true\" autocomplete=\"off\" \/><\/div><\/div><\/div><div class=\"forminator-row\"><div id=\"textarea-1\" class=\"forminator-field-textarea forminator-col forminator-col-12 \"><div class=\"forminator-field\"><label for=\"forminator-field-textarea-1_69e0faa078465\" id=\"forminator-field-textarea-1_69e0faa078465-label\" class=\"forminator-label\">Texto <span class=\"forminator-required\">*<\/span><\/label><div id=\"wp-forminator-wp-editor-forminator-field-textarea-1_69e0faa078465-wrap\" class=\"wp-core-ui wp-editor-wrap tmce-active\"><link rel='stylesheet' id='dashicons-css' href='https:\/\/sme.goiania.go.gov.br\/conexaoescola\/wp-includes\/css\/dashicons.min.css?ver=6.8.5' media='all' \/>\n<link rel='stylesheet' id='editor-buttons-css' href='https:\/\/sme.goiania.go.gov.br\/conexaoescola\/wp-includes\/css\/editor.min.css?ver=6.8.5' media='all' \/>\n<div id=\"wp-forminator-wp-editor-forminator-field-textarea-1_69e0faa078465-editor-tools\" class=\"wp-editor-tools hide-if-no-js\"><div class=\"wp-editor-tabs\"><button type=\"button\" id=\"forminator-wp-editor-forminator-field-textarea-1_69e0faa078465-tmce\" aria-pressed=\"true\" class=\"wp-switch-editor switch-tmce\" data-wp-editor-id=\"forminator-wp-editor-forminator-field-textarea-1_69e0faa078465\">Visual<\/button>\n<button type=\"button\" id=\"forminator-wp-editor-forminator-field-textarea-1_69e0faa078465-html\" class=\"wp-switch-editor switch-html\" data-wp-editor-id=\"forminator-wp-editor-forminator-field-textarea-1_69e0faa078465\">C\u00f3digo<\/button>\n<\/div>\n<\/div>\n<div id=\"wp-forminator-wp-editor-forminator-field-textarea-1_69e0faa078465-editor-container\" class=\"wp-editor-container\"><div id=\"qt_forminator-wp-editor-forminator-field-textarea-1_69e0faa078465_toolbar\" class=\"quicktags-toolbar hide-if-no-js\"><\/div><textarea class=\"forminator-textarea do-validate forminator-wp-editor-required wp-editor-area\" style=\"height: 140px\" autocomplete=\"off\" cols=\"40\" name=\"textarea-1\" id=\"forminator-wp-editor-forminator-field-textarea-1_69e0faa078465\"><\/textarea><\/div>\n<\/div>\n\n<\/div><\/div><\/div><div class=\"forminator-row\"><div id=\"upload-1\" class=\"forminator-field-upload forminator-col forminator-col-12 \"><div class=\"forminator-field\"><label for=\"forminator-field-upload-1_69e0faa078465\" id=\"forminator-field-upload-1_69e0faa078465-label\" class=\"forminator-label\">Enviar arquivo<\/label><div class=\"forminator-file-upload \" data-element=\"upload-1_69e0faa078465\"><input type=\"file\" name=\"upload-1\" id=\"forminator-field-upload-1_69e0faa078465\" class=\"forminator-input-file\" accept=\".jpg,.jpeg,.jpe,.gif,.png,.bmp,.tiff,.tif,.ico,.heic,.asf,.asx,.wmv,.wmx,.wm,.avi,.divx,.flv,.mov,.qt,.mpeg,.mpg,.mpe,.mp4,.m4v,.ogv,.webm,.mkv,.3gp,.3gpp,.3g2,.3gp2,.txt,.asc,.c,.cc,.h,.srt,.csv,.tsv,.ics,.rtx,.vtt,.mp3,.m4a,.m4b,.aac,.ra,.ram,.wav,.ogg,.oga,.flac,.mid,.midi,.wma,.wax,.mka,.rtf,.pdf,.class,.tar,.zip,.gz,.gzip,.7z,.psd,.xcf,.doc,.pot,.pps,.ppt,.wri,.xla,.xls,.xlt,.xlw,.mdb,.mpp,.docx,.docm,.dotx,.dotm,.xlsx,.xlsm,.xlsb,.xltx,.xltm,.xlam,.pptx,.pptm,.ppsx,.ppsm,.potx,.potm,.ppam,.sldx,.sldm,.onetoc,.onetoc2,.onetmp,.onepkg,.oxps,.xps,.odt,.odp,.ods,.odg,.odc,.odb,.odf,.wp,.wpd,.key,.numbers,.pages\" tabindex=\"-1\"><button id=\"forminator-field-upload-1_69e0faa078465_button\" class=\"forminator-button forminator-button-upload\" data-id=\"forminator-field-upload-1_69e0faa078465\">Selecione Arquivo<\/button><span data-empty-text=\"Nenhum arquivo selecionado ainda\">Nenhum arquivo selecionado ainda<\/span><button class=\"forminator-button-delete\" style=\"display: none;\"><i class=\"forminator-icon-close\" aria-hidden=\"true\"><\/i><span class=\"forminator-screen-reader-only\">Deletar arquivo enviado<\/span><\/button><\/div><\/div><\/div><\/div><input type=\"hidden\" name=\"referer_url\" value=\"\" \/><div class=\"forminator-row forminator-row-last\"><div class=\"forminator-col\"><div class=\"forminator-field\"><button class=\"forminator-button forminator-button-submit\"><span>Enviar mensagem<\/span><span aria-hidden=\"true\"><\/span><\/button><\/div><\/div><\/div><input type=\"hidden\" id=\"forminator_nonce\" name=\"forminator_nonce\" value=\"63a2de358a\" \/><input type=\"hidden\" name=\"_wp_http_referer\" value=\"\/conexaoescola\/wp-json\/wp\/v2\/pages\/131199\" \/><input type=\"hidden\" name=\"form_id\" value=\"132337\"><input type=\"hidden\" name=\"page_id\" value=\"131199\"><input type=\"hidden\" name=\"form_type\" value=\"default\"><input type=\"hidden\" name=\"current_url\" value=\"https:\/\/sme.goiania.go.gov.br\/conexaoescola\/publicar-recursos\/\"><input type=\"hidden\" name=\"render_id\" value=\"0\"><input type=\"hidden\" name=\"action\" value=\"forminator_submit_form_custom-forms\"><\/form>\n","protected":false},"excerpt":{"rendered":"<p>Ol\u00e1 Professor, que tal compartilhar sua experi\u00eancia pedag\u00f3gica em nosso portal? Para compartilhar sua atividade ou recurso \u00e9 f\u00e1cil, basta preencher o formul\u00e1rio abaixo. A equipe de conte\u00fado do portal avaliar\u00e1 e caso seja aprovado, voc\u00ea receber\u00e1 uma notifica\u00e7\u00e3o da publica\u00e7\u00e3o. Participe!<\/p>\n","protected":false},"author":1,"featured_media":0,"parent":0,"menu_order":0,"comment_status":"closed","ping_status":"closed","template":"","meta":{"_acf_changed":false,"ocean_post_layout":"","ocean_both_sidebars_style":"","ocean_both_sidebars_content_width":0,"ocean_both_sidebars_sidebars_width":0,"ocean_sidebar":"0","ocean_second_sidebar":"0","ocean_disable_margins":"enable","ocean_add_body_class":"","ocean_shortcode_before_top_bar":"","ocean_shortcode_after_top_bar":"","ocean_shortcode_before_header":"","ocean_shortcode_after_header":"","ocean_has_shortcode":"","ocean_shortcode_after_title":"","ocean_shortcode_before_footer_widgets":"","ocean_shortcode_after_footer_widgets":"","ocean_shortcode_before_footer_bottom":"","ocean_shortcode_after_footer_bottom":"","ocean_display_top_bar":"default","ocean_display_header":"default","ocean_header_style":"","ocean_center_header_left_menu":"0","ocean_custom_header_template":"0","ocean_custom_logo":0,"ocean_custom_retina_logo":0,"ocean_custom_logo_max_width":0,"ocean_custom_logo_tablet_max_width":0,"ocean_custom_logo_mobile_max_width":0,"ocean_custom_logo_max_height":0,"ocean_custom_logo_tablet_max_height":0,"ocean_custom_logo_mobile_max_height":0,"ocean_header_custom_menu":"0","ocean_menu_typo_font_family":"0","ocean_menu_typo_font_subset":"","ocean_menu_typo_font_size":0,"ocean_menu_typo_font_size_tablet":0,"ocean_menu_typo_font_size_mobile":0,"ocean_menu_typo_font_size_unit":"px","ocean_menu_typo_font_weight":"","ocean_menu_typo_font_weight_tablet":"","ocean_menu_typo_font_weight_mobile":"","ocean_menu_typo_transform":"","ocean_menu_typo_transform_tablet":"","ocean_menu_typo_transform_mobile":"","ocean_menu_typo_line_height":0,"ocean_menu_typo_line_height_tablet":0,"ocean_menu_typo_line_height_mobile":0,"ocean_menu_typo_line_height_unit":"","ocean_menu_typo_spacing":0,"ocean_menu_typo_spacing_tablet":0,"ocean_menu_typo_spacing_mobile":0,"ocean_menu_typo_spacing_unit":"","ocean_menu_link_color":"","ocean_menu_link_color_hover":"","ocean_menu_link_color_active":"","ocean_menu_link_background":"","ocean_menu_link_hover_background":"","ocean_menu_link_active_background":"","ocean_menu_social_links_bg":"","ocean_menu_social_hover_links_bg":"","ocean_menu_social_links_color":"","ocean_menu_social_hover_links_color":"","ocean_disable_title":"default","ocean_disable_heading":"default","ocean_post_title":"","ocean_post_subheading":"","ocean_post_title_style":"","ocean_post_title_background_color":"","ocean_post_title_background":0,"ocean_post_title_bg_image_position":"","ocean_post_title_bg_image_attachment":"","ocean_post_title_bg_image_repeat":"","ocean_post_title_bg_image_size":"","ocean_post_title_height":0,"ocean_post_title_bg_overlay":0.5,"ocean_post_title_bg_overlay_color":"","ocean_disable_breadcrumbs":"default","ocean_breadcrumbs_color":"","ocean_breadcrumbs_separator_color":"","ocean_breadcrumbs_links_color":"","ocean_breadcrumbs_links_hover_color":"","ocean_display_footer_widgets":"default","ocean_display_footer_bottom":"default","ocean_custom_footer_template":"0","footnotes":""},"class_list":["post-131199","page","type-page","status-publish","hentry","entry"],"acf":[],"_links":{"self":[{"href":"https:\/\/sme.goiania.go.gov.br\/conexaoescola\/wp-json\/wp\/v2\/pages\/131199","targetHints":{"allow":["GET"]}}],"collection":[{"href":"https:\/\/sme.goiania.go.gov.br\/conexaoescola\/wp-json\/wp\/v2\/pages"}],"about":[{"href":"https:\/\/sme.goiania.go.gov.br\/conexaoescola\/wp-json\/wp\/v2\/types\/page"}],"author":[{"embeddable":true,"href":"https:\/\/sme.goiania.go.gov.br\/conexaoescola\/wp-json\/wp\/v2\/users\/1"}],"replies":[{"embeddable":true,"href":"https:\/\/sme.goiania.go.gov.br\/conexaoescola\/wp-json\/wp\/v2\/comments?post=131199"}],"version-history":[{"count":0,"href":"https:\/\/sme.goiania.go.gov.br\/conexaoescola\/wp-json\/wp\/v2\/pages\/131199\/revisions"}],"wp:attachment":[{"href":"https:\/\/sme.goiania.go.gov.br\/conexaoescola\/wp-json\/wp\/v2\/media?parent=131199"}],"curies":[{"name":"wp","href":"https:\/\/api.w.org\/{rel}","templated":true}]}}